{"id":19,"date":"2025-02-12T16:30:50","date_gmt":"2025-02-12T16:30:50","guid":{"rendered":"https:\/\/cursosdolorenzo.com.br\/?page_id=19"},"modified":"2025-02-14T00:00:46","modified_gmt":"2025-02-14T03:00:46","slug":"elementor-19","status":"publish","type":"page","link":"https:\/\/cursosdolorenzo.com.br\/","title":{"rendered":"Vendas D.F.S"},"content":{"rendered":"\t\t<div data-elementor-type=\"wp-page\" data-elementor-id=\"19\" class=\"elementor elementor-19\">\n\t\t\t\t<div class=\"elementor-element elementor-element-5a819c9 e-flex e-con-boxed e-con e-parent\" data-id=\"5a819c9\" data-element_type=\"container\">\n\t\t\t\t\t<div class=\"e-con-inner\">\n\t\t\t\t<div class=\"elementor-element elementor-element-37943b8 elementor-widget elementor-widget-heading\" data-id=\"37943b8\" data-element_type=\"widget\" data-widget_type=\"heading.default\">\n\t\t\t\t\t<h2 class=\"elementor-heading-title elementor-size-default\">.<\/h2>\t\t\t\t<\/div>\n\t\t\t\t\t<\/div>\n\t\t\t\t<\/div>\n\t\t<div class=\"elementor-element elementor-element-769325bc e-flex e-con-boxed e-con e-parent\" data-id=\"769325bc\" data-element_type=\"container\">\n\t\t\t\t\t<div class=\"e-con-inner\">\n\t\t\t\t<div class=\"elementor-element elementor-element-51f1e34f elementor-widget elementor-widget-heading\" data-id=\"51f1e34f\" data-element_type=\"widget\" data-widget_type=\"heading.default\">\n\t\t\t\t\t<h2 class=\"elementor-heading-title elementor-size-default\"> Transforme sua paix\u00e3o em dinheiro jogando Farming Simulator!<\/h2>\t\t\t\t<\/div>\n\t\t\t\t<div class=\"elementor-element elementor-element-2c45f257 elementor-widget elementor-widget-heading\" data-id=\"2c45f257\" data-element_type=\"widget\" data-widget_type=\"heading.default\">\n\t\t\t\t\t<h2 class=\"elementor-heading-title elementor-size-default\">Aprenda as estrat\u00e9gias certas para lucrar com v\u00eddeos do Farming Simulator.<\/h2>\t\t\t\t<\/div>\n\t\t\t\t\t<\/div>\n\t\t\t\t<\/div>\n\t\t<div class=\"elementor-element elementor-element-407a17ab e-flex e-con-boxed e-con e-parent\" data-id=\"407a17ab\" data-element_type=\"container\">\n\t\t\t\t\t<div class=\"e-con-inner\">\n\t\t\t\t<div class=\"elementor-element elementor-element-1929710f elementor-widget elementor-widget-video\" data-id=\"1929710f\" data-element_type=\"widget\" data-settings=\"{&quot;youtube_url&quot;:&quot;https:\\\/\\\/youtu.be\\\/QpCB-g4fLEA&quot;,&quot;video_type&quot;:&quot;youtube&quot;,&quot;controls&quot;:&quot;yes&quot;}\" data-widget_type=\"video.default\">\n\t\t\t\t\t\t\t<div class=\"elementor-wrapper elementor-open-inline\">\n\t\t\t<div class=\"elementor-video\"><\/div>\t\t<\/div>\n\t\t\t\t\t\t<\/div>\n\t\t\t\t\t<\/div>\n\t\t\t\t<\/div>\n\t\t<div class=\"elementor-element elementor-element-782ade0 e-flex e-con-boxed e-con e-parent\" data-id=\"782ade0\" data-element_type=\"container\" data-settings=\"{&quot;background_background&quot;:&quot;classic&quot;}\">\n\t\t\t\t\t<div class=\"e-con-inner\">\n\t\t\t\t<div class=\"elementor-element elementor-element-6fb59a62 elementor-widget elementor-widget-heading\" data-id=\"6fb59a62\" data-element_type=\"widget\" data-widget_type=\"heading.default\">\n\t\t\t\t\t<h1 class=\"elementor-heading-title elementor-size-default\">O QUE VOC\u00ca VAI APRENDER?<\/h1>\t\t\t\t<\/div>\n\t\t\t\t<div class=\"elementor-element elementor-element-2818693 elementor-widget elementor-widget-heading\" data-id=\"2818693\" data-element_type=\"widget\" data-widget_type=\"heading.default\">\n\t\t\t\t\t<h2 class=\"elementor-heading-title elementor-size-default\">COMO CRIAR CONTE\u00daDO ATRATIVO DO FARMING SIMULATOR<br><br>ESTRAT\u00c9GIAS PARA CRESCER NO TIKTOK, YOUTUBE E FACEBOOK<br><br>COMO GANHAR DINHEIRO COM OS V\u00cdDEOS<br><br>T\u00c9CNICAS PARA MANTER O ENGAJAMENTO E CONTRUIR UMA COMUNIDADE FIEL<br><br>DICAS PARA OTIMIZAR O TEMPO E A PRODUTIVIDADE<\/h2>\t\t\t\t<\/div>\n\t\t\t\t\t<\/div>\n\t\t\t\t<\/div>\n\t\t<div class=\"elementor-element elementor-element-58c79f95 e-con-full e-flex e-con e-parent\" data-id=\"58c79f95\" data-element_type=\"container\">\n\t\t\t\t<div class=\"elementor-element elementor-element-69a0163f elementor-widget elementor-widget-heading\" data-id=\"69a0163f\" data-element_type=\"widget\" data-widget_type=\"heading.default\">\n\t\t\t\t\t<h2 class=\"elementor-heading-title elementor-size-default\">.<br><\/h2>\t\t\t\t<\/div>\n\t\t\t\t<div class=\"elementor-element elementor-element-2f1ccb08 elementor-widget elementor-widget-heading\" data-id=\"2f1ccb08\" data-element_type=\"widget\" data-widget_type=\"heading.default\">\n\t\t\t\t\t<h2 class=\"elementor-heading-title elementor-size-default\">FEEDBACKS <\/h2>\t\t\t\t<\/div>\n\t\t\t\t<div class=\"elementor-element elementor-element-770e1dd6 elementor-widget elementor-widget-image\" data-id=\"770e1dd6\" data-element_type=\"widget\" data-widget_type=\"image.default\">\n\t\t\t\t\t\t\t\t\t\t\t\t\t\t\t<img fetchpriority=\"high\" decoding=\"async\" width=\"472\" height=\"1024\" src=\"https:\/\/cursosdolorenzo.com.br\/wp-content\/uploads\/2025\/02\/Imagem-do-WhatsApp-de-2025-02-11-as-00.08.21_2ae91c34-472x1024.jpg\" class=\"attachment-large size-large wp-image-13\" alt=\"\" srcset=\"https:\/\/cursosdolorenzo.com.br\/wp-content\/uploads\/2025\/02\/Imagem-do-WhatsApp-de-2025-02-11-as-00.08.21_2ae91c34-472x1024.jpg 472w, https:\/\/cursosdolorenzo.com.br\/wp-content\/uploads\/2025\/02\/Imagem-do-WhatsApp-de-2025-02-11-as-00.08.21_2ae91c34-138x300.jpg 138w, https:\/\/cursosdolorenzo.com.br\/wp-content\/uploads\/2025\/02\/Imagem-do-WhatsApp-de-2025-02-11-as-00.08.21_2ae91c34-708x1536.jpg 708w, https:\/\/cursosdolorenzo.com.br\/wp-content\/uploads\/2025\/02\/Imagem-do-WhatsApp-de-2025-02-11-as-00.08.21_2ae91c34.jpg 738w\" sizes=\"(max-width: 472px) 100vw, 472px\" \/>\t\t\t\t\t\t\t\t\t\t\t\t\t\t\t<\/div>\n\t\t\t\t<div class=\"elementor-element elementor-element-89b4078 elementor-widget__width-initial elementor-widget elementor-widget-video\" data-id=\"89b4078\" data-element_type=\"widget\" data-settings=\"{&quot;video_type&quot;:&quot;hosted&quot;,&quot;controls&quot;:&quot;yes&quot;}\" data-widget_type=\"video.default\">\n\t\t\t\t\t\t\t<div class=\"e-hosted-video elementor-wrapper elementor-open-inline\">\n\t\t\t\t\t<video class=\"elementor-video\" src=\"https:\/\/cursosdolorenzo.com.br\/wp-content\/uploads\/2025\/02\/liuzzada.mp4\" controls=\"\" preload=\"metadata\" controlsList=\"nodownload\"><\/video>\n\t\t\t\t<\/div>\n\t\t\t\t\t\t<\/div>\n\t\t\t\t<div class=\"elementor-element elementor-element-3d995fa elementor-widget elementor-widget-spacer\" data-id=\"3d995fa\" data-element_type=\"widget\" data-widget_type=\"spacer.default\">\n\t\t\t\t\t\t\t<div class=\"elementor-spacer\">\n\t\t\t<div class=\"elementor-spacer-inner\"><\/div>\n\t\t<\/div>\n\t\t\t\t\t\t<\/div>\n\t\t\t\t<div class=\"elementor-element elementor-element-aa43ea9 elementor-widget elementor-widget-heading\" data-id=\"aa43ea9\" data-element_type=\"widget\" data-widget_type=\"heading.default\">\n\t\t\t\t\t<h2 class=\"elementor-heading-title elementor-size-default\">.<br><\/h2>\t\t\t\t<\/div>\n\t\t\t\t<div class=\"elementor-element elementor-element-2ac55c65 elementor-widget elementor-widget-heading\" data-id=\"2ac55c65\" data-element_type=\"widget\" data-widget_type=\"heading.default\">\n\t\t\t\t\t<h2 class=\"elementor-heading-title elementor-size-default\">BENEF\u00cdCIOS DO CURSO:<\/h2>\t\t\t\t<\/div>\n\t\t\t\t<div class=\"elementor-element elementor-element-afc35c elementor-widget elementor-widget-heading\" data-id=\"afc35c\" data-element_type=\"widget\" data-widget_type=\"heading.default\">\n\t\t\t\t\t<h2 class=\"elementor-heading-title elementor-size-default\">\u2705 <strong data-start=\"1575\" data-end=\"1626\">Passo a passo para lucrar com Farming Simulator.<\/strong><br><br><b>\u2705<\/b> <strong data-start=\"1631\" data-end=\"1660\">Acesso vital\u00edcio ao curso.<\/strong><br><br>\u2705Suporte EXCLUSIVO no grupo de whatsapp comigo e outros alunos que est\u00e3o ganhando dinheiro com v\u00eddeos.<\/h2>\t\t\t\t<\/div>\n\t\t\t\t<\/div>\n\t\t<div class=\"elementor-element elementor-element-5f770b e-flex e-con-boxed e-con e-parent\" data-id=\"5f770b\" data-element_type=\"container\">\n\t\t\t\t\t<div class=\"e-con-inner\">\n\t\t\t\t<div class=\"elementor-element elementor-element-246a573f elementor-mobile-align-justify elementor-align-justify elementor-widget elementor-widget-button\" data-id=\"246a573f\" data-element_type=\"widget\" data-widget_type=\"button.default\">\n\t\t\t\t\t\t\t\t\t\t<a class=\"elementor-button elementor-button-link elementor-size-sm\" href=\"https:\/\/pay.cakto.com.br\/3XW8peT\" target=\"_blank\">\n\t\t\t\t\t\t<span class=\"elementor-button-content-wrapper\">\n\t\t\t\t\t\t<span class=\"elementor-button-icon\">\n\t\t\t\t<svg aria-hidden=\"true\" class=\"e-font-icon-svg e-fas-check-circle\" viewBox=\"0 0 512 512\" xmlns=\"http:\/\/www.w3.org\/2000\/svg\"><path d=\"M504 256c0 136.967-111.033 248-248 248S8 392.967 8 256 119.033 8 256 8s248 111.033 248 248zM227.314 387.314l184-184c6.248-6.248 6.248-16.379 0-22.627l-22.627-22.627c-6.248-6.249-16.379-6.249-22.628 0L216 308.118l-70.059-70.059c-6.248-6.248-16.379-6.248-22.628 0l-22.627 22.627c-6.248 6.248-6.248 16.379 0 22.627l104 104c6.249 6.249 16.379 6.249 22.628.001z\"><\/path><\/svg>\t\t\t<\/span>\n\t\t\t\t\t\t\t\t\t<span class=\"elementor-button-text\">GARANTA SEU ACESSO  <\/span>\n\t\t\t\t\t<\/span>\n\t\t\t\t\t<\/a>\n\t\t\t\t\t\t\t\t<\/div>\n\t\t\t\t<div class=\"elementor-element elementor-element-2c714e47 elementor-widget elementor-widget-heading\" data-id=\"2c714e47\" data-element_type=\"widget\" data-widget_type=\"heading.default\">\n\t\t\t\t\t<h2 class=\"elementor-heading-title elementor-size-default\">.<br><\/h2>\t\t\t\t<\/div>\n\t\t\t\t\t<\/div>\n\t\t\t\t<\/div>\n\t\t<div class=\"elementor-element elementor-element-122e665a e-flex e-con-boxed e-con e-parent\" data-id=\"122e665a\" data-element_type=\"container\" data-settings=\"{&quot;background_background&quot;:&quot;classic&quot;}\">\n\t\t\t\t\t<div class=\"e-con-inner\">\n\t\t\t\t<div class=\"elementor-element elementor-element-b75061e elementor-widget elementor-widget-spacer\" data-id=\"b75061e\" data-element_type=\"widget\" data-widget_type=\"spacer.default\">\n\t\t\t\t\t\t\t<div class=\"elementor-spacer\">\n\t\t\t<div class=\"elementor-spacer-inner\"><\/div>\n\t\t<\/div>\n\t\t\t\t\t\t<\/div>\n\t\t\t\t<div class=\"elementor-element elementor-element-67686560 elementor-widget elementor-widget-heading\" data-id=\"67686560\" data-element_type=\"widget\" data-widget_type=\"heading.default\">\n\t\t\t\t\t<h3 class=\"elementor-heading-title elementor-size-default\">EST\u00c1 PRONTO PARA TRANSFORMAR SEU JOGO FAVORITO EM UM NEG\u00d3CIO LUCRATIVO?<\/h3>\t\t\t\t<\/div>\n\t\t\t\t<div class=\"elementor-element elementor-element-6be380f4 elementor-widget elementor-widget-heading\" data-id=\"6be380f4\" data-element_type=\"widget\" data-widget_type=\"heading.default\">\n\t\t\t\t\t<h2 class=\"elementor-heading-title elementor-size-default\">ENT\u00c3O CLIQUE NO BOT\u00c3O ABAIXO E COMECE AGORA MESMO!<\/h2>\t\t\t\t<\/div>\n\t\t\t\t<div class=\"elementor-element elementor-element-1f6e55c1 elementor-mobile-align-justify elementor-align-justify elementor-widget elementor-widget-button\" data-id=\"1f6e55c1\" data-element_type=\"widget\" data-widget_type=\"button.default\">\n\t\t\t\t\t\t\t\t\t\t<a class=\"elementor-button elementor-button-link elementor-size-sm\" href=\"https:\/\/pay.cakto.com.br\/3XW8peT\" target=\"_blank\">\n\t\t\t\t\t\t<span class=\"elementor-button-content-wrapper\">\n\t\t\t\t\t\t<span class=\"elementor-button-icon\">\n\t\t\t\t<svg aria-hidden=\"true\" class=\"e-font-icon-svg e-fas-check-circle\" viewBox=\"0 0 512 512\" xmlns=\"http:\/\/www.w3.org\/2000\/svg\"><path d=\"M504 256c0 136.967-111.033 248-248 248S8 392.967 8 256 119.033 8 256 8s248 111.033 248 248zM227.314 387.314l184-184c6.248-6.248 6.248-16.379 0-22.627l-22.627-22.627c-6.248-6.249-16.379-6.249-22.628 0L216 308.118l-70.059-70.059c-6.248-6.248-16.379-6.248-22.628 0l-22.627 22.627c-6.248 6.248-6.248 16.379 0 22.627l104 104c6.249 6.249 16.379 6.249 22.628.001z\"><\/path><\/svg>\t\t\t<\/span>\n\t\t\t\t\t\t\t\t\t<span class=\"elementor-button-text\">ADQUIRA AGORA <\/span>\n\t\t\t\t\t<\/span>\n\t\t\t\t\t<\/a>\n\t\t\t\t\t\t\t\t<\/div>\n\t\t\t\t<div class=\"elementor-element elementor-element-52ad9b02 elementor-widget elementor-widget-heading\" data-id=\"52ad9b02\" data-element_type=\"widget\" data-widget_type=\"heading.default\">\n\t\t\t\t\t<h2 class=\"elementor-heading-title elementor-size-default\">.<\/h2>\t\t\t\t<\/div>\n\t\t\t\t\t<\/div>\n\t\t\t\t<\/div>\n\t\t\t\t<\/div>\n\t\t","protected":false},"excerpt":{"rendered":"<p>. Transforme sua paix\u00e3o em dinheiro jogando Farming Simulator! Aprenda as estrat\u00e9gias certas para lucrar com v\u00eddeos do Farming Simulator. O QUE VOC\u00ca VAI APRENDER? COMO CRIAR CONTE\u00daDO ATRATIVO DO FARMING SIMULATOR ESTRAT\u00c9GIAS PARA CRESCER NO TIKTOK, YOUTUBE E FACEBOOK COMO GANHAR DINHEIRO COM OS V\u00cdDEOS T\u00c9CNICAS PARA MANTER O ENGAJAMENTO E CONTRUIR UMA COMUNIDADE&#8230;<\/p>\n","protected":false},"author":1,"featured_media":0,"parent":0,"menu_order":0,"comment_status":"closed","ping_status":"closed","template":"elementor_canvas","meta":{"_kad_post_transparent":"","_kad_post_title":"","_kad_post_layout":"","_kad_post_sidebar_id":"","_kad_post_content_style":"","_kad_post_vertical_padding":"","_kad_post_feature":"","_kad_post_feature_position":"","_kad_post_header":false,"_kad_post_footer":false,"footnotes":""},"class_list":["post-19","page","type-page","status-publish","hentry"],"_links":{"self":[{"href":"https:\/\/cursosdolorenzo.com.br\/index.php?rest_route=\/wp\/v2\/pages\/19","targetHints":{"allow":["GET"]}}],"collection":[{"href":"https:\/\/cursosdolorenzo.com.br\/index.php?rest_route=\/wp\/v2\/pages"}],"about":[{"href":"https:\/\/cursosdolorenzo.com.br\/index.php?rest_route=\/wp\/v2\/types\/page"}],"author":[{"embeddable":true,"href":"https:\/\/cursosdolorenzo.com.br\/index.php?rest_route=\/wp\/v2\/users\/1"}],"replies":[{"embeddable":true,"href":"https:\/\/cursosdolorenzo.com.br\/index.php?rest_route=%2Fwp%2Fv2%2Fcomments&post=19"}],"version-history":[{"count":5,"href":"https:\/\/cursosdolorenzo.com.br\/index.php?rest_route=\/wp\/v2\/pages\/19\/revisions"}],"predecessor-version":[{"id":45,"href":"https:\/\/cursosdolorenzo.com.br\/index.php?rest_route=\/wp\/v2\/pages\/19\/revisions\/45"}],"wp:attachment":[{"href":"https:\/\/cursosdolorenzo.com.br\/index.php?rest_route=%2Fwp%2Fv2%2Fmedia&parent=19"}],"curies":[{"name":"wp","href":"https:\/\/api.w.org\/{rel}","templated":true}]}}